{"id":2550,"date":"2025-02-24T21:43:37","date_gmt":"2025-02-25T02:43:37","guid":{"rendered":"https:\/\/www.smbingenieria.com\/site\/?page_id=2550"},"modified":"2025-03-12T20:08:46","modified_gmt":"2025-03-13T01:08:46","slug":"equipos-e-instrumentos-para-tanques-de-almacenamiento","status":"publish","type":"page","link":"https:\/\/www.smbingenieria.com\/site\/index.php\/equipos-e-instrumentos-para-tanques-de-almacenamiento\/","title":{"rendered":"Equipos e Instrumentos para Tanques de Almacenamiento"},"content":{"rendered":"\t\t<div data-elementor-type=\"wp-page\" data-elementor-id=\"2550\" class=\"elementor elementor-2550\" data-elementor-post-type=\"page\">\n\t\t\t\t<div class=\"elementor-element elementor-element-4829d5ed e-flex e-con-boxed e-con e-parent\" data-id=\"4829d5ed\" data-element_type=\"container\">\n\t\t\t\t\t<div class=\"e-con-inner\">\n\t\t\t\t<div class=\"elementor-element elementor-element-5fc94e86 elementor-widget elementor-widget-heading\" data-id=\"5fc94e86\" data-element_type=\"widget\" data-widget_type=\"heading.default\">\n\t\t\t\t<div class=\"elementor-widget-container\">\n\t\t\t\t\t<h3 class=\"elementor-heading-title elementor-size-default\">Equipos e Instrumentos para Tanques de Almacenamiento<\/h3>\t\t\t\t<\/div>\n\t\t\t\t<\/div>\n\t\t\t\t\t<\/div>\n\t\t\t\t<\/div>\n\t\t<div class=\"elementor-element elementor-element-664fd3d8 e-flex e-con-boxed e-con e-parent\" data-id=\"664fd3d8\" data-element_type=\"container\">\n\t\t\t\t\t<div class=\"e-con-inner\">\n\t\t\t\t<div class=\"elementor-element elementor-element-778ed7e8 elementor-grid-4 elementor-grid-tablet-3 elementor-grid-mobile-2 elementor-products-grid elementor-wc-products elementor-widget elementor-widget-wc-categories\" data-id=\"778ed7e8\" data-element_type=\"widget\" data-widget_type=\"wc-categories.default\">\n\t\t\t\t<div class=\"elementor-widget-container\">\n\t\t\t\t\t<div class=\"woocommerce columns-4\"><ul class=\"products elementor-grid columns-4\">\n<li class=\"product-category product first\">\n\t<a aria-label=\"Visitar la categor\u00eda de producto V\u00e1lvulas para Protecci\u00f3n de Tanques\" href=\"https:\/\/www.smbingenieria.com\/site\/index.php\/categoria-producto\/equipos-e-instrumentos-para-tanques-de-almacenamiento\/valvulas-para-proteccion-de-tanques\/\"><img fetchpriority=\"high\" decoding=\"async\" src=\"https:\/\/www.smbingenieria.com\/site\/wp-content\/uploads\/2025\/02\/arrestador-de-flama-300x225.webp\" alt=\"V\u00e1lvulas para Protecci\u00f3n de Tanques\" width=\"300\" height=\"225\" \/>\t\t<h2 class=\"woocommerce-loop-category__title\">\n\t\t\tV\u00e1lvulas para Protecci\u00f3n de Tanques <mark class=\"count\">(5)<\/mark>\t\t<\/h2>\n\t\t<\/a><\/li>\n<li class=\"product-category product\">\n\t<a aria-label=\"Visitar la categor\u00eda de producto Transferencia de L\u00edquidos\" href=\"https:\/\/www.smbingenieria.com\/site\/index.php\/categoria-producto\/equipos-e-instrumentos-para-tanques-de-almacenamiento\/transferencia-de-liquidos\/\"><img decoding=\"async\" src=\"https:\/\/www.smbingenieria.com\/site\/wp-content\/uploads\/2025\/02\/Succiones-Flotantes-300x225.jpg\" alt=\"Transferencia de L\u00edquidos\" width=\"300\" height=\"225\" \/>\t\t<h2 class=\"woocommerce-loop-category__title\">\n\t\t\tTransferencia de L\u00edquidos <mark class=\"count\">(1)<\/mark>\t\t<\/h2>\n\t\t<\/a><\/li>\n<li class=\"product-category product\">\n\t<a aria-label=\"Visitar la categor\u00eda de producto Techos y Domos Geod\u00e9sicos\" href=\"https:\/\/www.smbingenieria.com\/site\/index.php\/categoria-producto\/equipos-e-instrumentos-para-tanques-de-almacenamiento\/techos-y-domos-geodesicos\/\"><img decoding=\"async\" src=\"https:\/\/www.smbingenieria.com\/site\/wp-content\/uploads\/2025\/02\/Techos-y-Domos-Geodesicos-300x225.jpg\" alt=\"Techos y Domos Geod\u00e9sicos\" width=\"300\" height=\"225\" \/>\t\t<h2 class=\"woocommerce-loop-category__title\">\n\t\t\tTechos y Domos Geod\u00e9sicos <mark class=\"count\">(1)<\/mark>\t\t<\/h2>\n\t\t<\/a><\/li>\n<li class=\"product-category product last\">\n\t<a aria-label=\"Visitar la categor\u00eda de producto Medici\u00f3n Est\u00e1tica de Nivel\" href=\"https:\/\/www.smbingenieria.com\/site\/index.php\/categoria-producto\/equipos-e-instrumentos-para-tanques-de-almacenamiento\/medicion-estatica-de-nivel\/\"><img loading=\"lazy\" decoding=\"async\" src=\"https:\/\/www.smbingenieria.com\/site\/wp-content\/uploads\/2025\/02\/Medicion-Tipo-Radar-300x225.jpg\" alt=\"Medici\u00f3n Est\u00e1tica de Nivel\" width=\"300\" height=\"225\" \/>\t\t<h2 class=\"woocommerce-loop-category__title\">\n\t\t\tMedici\u00f3n Est\u00e1tica de Nivel <mark class=\"count\">(5)<\/mark>\t\t<\/h2>\n\t\t<\/a><\/li>\n<\/ul>\n<\/div>\t\t\t\t<\/div>\n\t\t\t\t<\/div>\n\t\t\t\t\t<\/div>\n\t\t\t\t<\/div>\n\t\t\t\t<\/div>\n\t\t","protected":false},"excerpt":{"rendered":"<p>Equipos e Instrumentos para Tanques de Almacenamiento<\/p>\n","protected":false},"author":1,"featured_media":0,"parent":0,"menu_order":0,"comment_status":"closed","ping_status":"closed","template":"","meta":{"footnotes":""},"class_list":["post-2550","page","type-page","status-publish","hentry"],"_links":{"self":[{"href":"https:\/\/www.smbingenieria.com\/site\/index.php\/wp-json\/wp\/v2\/pages\/2550","targetHints":{"allow":["GET"]}}],"collection":[{"href":"https:\/\/www.smbingenieria.com\/site\/index.php\/wp-json\/wp\/v2\/pages"}],"about":[{"href":"https:\/\/www.smbingenieria.com\/site\/index.php\/wp-json\/wp\/v2\/types\/page"}],"author":[{"embeddable":true,"href":"https:\/\/www.smbingenieria.com\/site\/index.php\/wp-json\/wp\/v2\/users\/1"}],"replies":[{"embeddable":true,"href":"https:\/\/www.smbingenieria.com\/site\/index.php\/wp-json\/wp\/v2\/comments?post=2550"}],"version-history":[{"count":19,"href":"https:\/\/www.smbingenieria.com\/site\/index.php\/wp-json\/wp\/v2\/pages\/2550\/revisions"}],"predecessor-version":[{"id":2679,"href":"https:\/\/www.smbingenieria.com\/site\/index.php\/wp-json\/wp\/v2\/pages\/2550\/revisions\/2679"}],"wp:attachment":[{"href":"https:\/\/www.smbingenieria.com\/site\/index.php\/wp-json\/wp\/v2\/media?parent=2550"}],"curies":[{"name":"wp","href":"https:\/\/api.w.org\/{rel}","templated":true}]}}