{"id":2619,"date":"2025-03-08T20:58:44","date_gmt":"2025-03-09T01:58:44","guid":{"rendered":"https:\/\/www.smbingenieria.com\/site\/?page_id=2619"},"modified":"2025-03-13T20:51:09","modified_gmt":"2025-03-14T01:51:09","slug":"iluminacion-industrial","status":"publish","type":"page","link":"https:\/\/www.smbingenieria.com\/site\/index.php\/iluminacion-industrial\/","title":{"rendered":"Iluminaci\u00f3n Industrial"},"content":{"rendered":"\t\t<div data-elementor-type=\"wp-page\" data-elementor-id=\"2619\" class=\"elementor elementor-2619\" data-elementor-post-type=\"page\">\n\t\t\t\t<div class=\"elementor-element elementor-element-76b95f80 e-flex e-con-boxed e-con e-parent\" data-id=\"76b95f80\" data-element_type=\"container\">\n\t\t\t\t\t<div class=\"e-con-inner\">\n\t\t\t\t<div class=\"elementor-element elementor-element-49dd2075 elementor-widget elementor-widget-heading\" data-id=\"49dd2075\" data-element_type=\"widget\" data-widget_type=\"heading.default\">\n\t\t\t\t<div class=\"elementor-widget-container\">\n\t\t\t\t\t<h3 class=\"elementor-heading-title elementor-size-default\">Iluminaci\u00f3n Industrial<\/h3>\t\t\t\t<\/div>\n\t\t\t\t<\/div>\n\t\t\t\t\t<\/div>\n\t\t\t\t<\/div>\n\t\t<div class=\"elementor-element elementor-element-3b1c4ecf e-flex e-con-boxed e-con e-parent\" data-id=\"3b1c4ecf\" data-element_type=\"container\">\n\t\t\t\t\t<div class=\"e-con-inner\">\n\t\t\t\t<div class=\"elementor-element elementor-element-2bac50f5 elementor-grid-3 elementor-grid-tablet-3 elementor-grid-mobile-2 elementor-products-grid elementor-wc-products elementor-widget elementor-widget-wc-categories\" data-id=\"2bac50f5\" data-element_type=\"widget\" data-widget_type=\"wc-categories.default\">\n\t\t\t\t<div class=\"elementor-widget-container\">\n\t\t\t\t\t<div class=\"woocommerce columns-3\"><ul class=\"products elementor-grid columns-3\">\n<li class=\"product-category product first\">\n\t<a aria-label=\"Visitar la categor\u00eda de producto Luminarias para Altas Temperaturas\" href=\"https:\/\/www.smbingenieria.com\/site\/index.php\/categoria-producto\/iluminacion-industrial\/1-luminarias-para-altas-temperaturas\/\"><img fetchpriority=\"high\" decoding=\"async\" src=\"https:\/\/www.smbingenieria.com\/site\/wp-content\/uploads\/2025\/03\/fli-helios-high-temperature-high-bay-b0-2-300x225.jpg\" alt=\"Luminarias para Altas Temperaturas\" width=\"300\" height=\"225\" \/>\t\t<h2 class=\"woocommerce-loop-category__title\">\n\t\t\tLuminarias para Altas Temperaturas <mark class=\"count\">(3)<\/mark>\t\t<\/h2>\n\t\t<\/a><\/li>\n<li class=\"product-category product\">\n\t<a aria-label=\"Visitar la categor\u00eda de producto Luminarias aptas para \u00c1reas Clasificadas\" href=\"https:\/\/www.smbingenieria.com\/site\/index.php\/categoria-producto\/iluminacion-industrial\/2-luminarias-aptas-para-areas-clasificadas\/\"><img decoding=\"async\" src=\"https:\/\/www.smbingenieria.com\/site\/wp-content\/uploads\/2025\/03\/fel-h-hazloc-lighting-b0-300x225.jpg\" alt=\"Luminarias aptas para \u00c1reas Clasificadas\" width=\"300\" height=\"225\" \/>\t\t<h2 class=\"woocommerce-loop-category__title\">\n\t\t\tLuminarias aptas para \u00c1reas Clasificadas <mark class=\"count\">(7)<\/mark>\t\t<\/h2>\n\t\t<\/a><\/li>\n<li class=\"product-category product last\">\n\t<a aria-label=\"Visitar la categor\u00eda de producto Proyectores (Reflectores) aptos para \u00c1reas Clasificadas\" href=\"https:\/\/www.smbingenieria.com\/site\/index.php\/categoria-producto\/iluminacion-industrial\/3-proyectores-reflectores-aptos-para-areas-clasificadas\/\"><img decoding=\"async\" src=\"https:\/\/www.smbingenieria.com\/site\/wp-content\/uploads\/2025\/03\/fel-c-b2-300x225.jpg\" alt=\"Proyectores (Reflectores) aptos para \u00c1reas Clasificadas\" width=\"300\" height=\"225\" \/>\t\t<h2 class=\"woocommerce-loop-category__title\">\n\t\t\tProyectores (Reflectores) aptos para \u00c1reas Clasificadas <mark class=\"count\">(3)<\/mark>\t\t<\/h2>\n\t\t<\/a><\/li>\n<li class=\"product-category product first\">\n\t<a aria-label=\"Visitar la categor\u00eda de producto iluminaci\u00f3n de Emergencia apta para \u00c1reas Clasificadas\" href=\"https:\/\/www.smbingenieria.com\/site\/index.php\/categoria-producto\/iluminacion-industrial\/4-iluminacion-de-emergencia-apta-para-areas-clasificadas\/\"><img loading=\"lazy\" decoding=\"async\" src=\"https:\/\/www.smbingenieria.com\/site\/wp-content\/uploads\/2025\/03\/fel-e-hazloc-emergency-linear-b1-300x225.jpg\" alt=\"iluminaci\u00f3n de Emergencia apta para \u00c1reas Clasificadas\" width=\"300\" height=\"225\" \/>\t\t<h2 class=\"woocommerce-loop-category__title\">\n\t\t\tiluminaci\u00f3n de Emergencia apta para \u00c1reas Clasificadas <mark class=\"count\">(3)<\/mark>\t\t<\/h2>\n\t\t<\/a><\/li>\n<li class=\"product-category product\">\n\t<a aria-label=\"Visitar la categor\u00eda de producto Luminarias de Prop\u00f3sito General Industrial Robustas\" href=\"https:\/\/www.smbingenieria.com\/site\/index.php\/categoria-producto\/iluminacion-industrial\/5-luminarias-de-proposito-general-industrial-robustas\/\"><img loading=\"lazy\" decoding=\"async\" src=\"https:\/\/www.smbingenieria.com\/site\/wp-content\/uploads\/2025\/03\/hazloc-highbay-fel-m-b1-copia-300x225.jpg\" alt=\"Luminarias de Prop\u00f3sito General Industrial Robustas\" width=\"300\" height=\"225\" \/>\t\t<h2 class=\"woocommerce-loop-category__title\">\n\t\t\tLuminarias de Prop\u00f3sito General Industrial Robustas <mark class=\"count\">(5)<\/mark>\t\t<\/h2>\n\t\t<\/a><\/li>\n<li class=\"product-category product last\">\n\t<a aria-label=\"Visitar la categor\u00eda de producto Luminarias de Prop\u00f3sito General Industrial Livianas\" href=\"https:\/\/www.smbingenieria.com\/site\/index.php\/categoria-producto\/iluminacion-industrial\/6-luminarias-de-proposito-general-industrial-livianas\/\"><img loading=\"lazy\" decoding=\"async\" src=\"https:\/\/www.smbingenieria.com\/site\/wp-content\/uploads\/2025\/03\/5039f776a0ec4815be63ae9300dd5cba-300x225.jpeg\" alt=\"Luminarias de Prop\u00f3sito General Industrial Livianas\" width=\"300\" height=\"225\" srcset=\"https:\/\/www.smbingenieria.com\/site\/wp-content\/uploads\/2025\/03\/5039f776a0ec4815be63ae9300dd5cba-300x225.jpeg 300w, https:\/\/www.smbingenieria.com\/site\/wp-content\/uploads\/2025\/03\/5039f776a0ec4815be63ae9300dd5cba-768x576.jpeg 768w, https:\/\/www.smbingenieria.com\/site\/wp-content\/uploads\/2025\/03\/5039f776a0ec4815be63ae9300dd5cba-267x200.jpeg 267w, https:\/\/www.smbingenieria.com\/site\/wp-content\/uploads\/2025\/03\/5039f776a0ec4815be63ae9300dd5cba-600x450.jpeg 600w, https:\/\/www.smbingenieria.com\/site\/wp-content\/uploads\/2025\/03\/5039f776a0ec4815be63ae9300dd5cba.jpeg 960w\" sizes=\"(max-width: 300px) 100vw, 300px\" \/>\t\t<h2 class=\"woocommerce-loop-category__title\">\n\t\t\tLuminarias de Prop\u00f3sito General Industrial Livianas <mark class=\"count\">(4)<\/mark>\t\t<\/h2>\n\t\t<\/a><\/li>\n<li class=\"product-category product first\">\n\t<a aria-label=\"Visitar la categor\u00eda de producto Proyectores (Reflectores) para \u00c1reas de Prop\u00f3sito General Industrial\" href=\"https:\/\/www.smbingenieria.com\/site\/index.php\/categoria-producto\/iluminacion-industrial\/7-proyectores-reflectores-para-areas-de-proposito-general-industrial\/\"><img loading=\"lazy\" decoding=\"async\" src=\"https:\/\/www.smbingenieria.com\/site\/wp-content\/uploads\/2025\/03\/6b4aca28f64245f9a937ad3c016891c1-300x225.jpeg\" alt=\"Proyectores (Reflectores) para \u00c1reas de Prop\u00f3sito General Industrial\" width=\"300\" height=\"225\" srcset=\"https:\/\/www.smbingenieria.com\/site\/wp-content\/uploads\/2025\/03\/6b4aca28f64245f9a937ad3c016891c1-300x225.jpeg 300w, https:\/\/www.smbingenieria.com\/site\/wp-content\/uploads\/2025\/03\/6b4aca28f64245f9a937ad3c016891c1-768x576.jpeg 768w, https:\/\/www.smbingenieria.com\/site\/wp-content\/uploads\/2025\/03\/6b4aca28f64245f9a937ad3c016891c1-267x200.jpeg 267w, https:\/\/www.smbingenieria.com\/site\/wp-content\/uploads\/2025\/03\/6b4aca28f64245f9a937ad3c016891c1-600x450.jpeg 600w, https:\/\/www.smbingenieria.com\/site\/wp-content\/uploads\/2025\/03\/6b4aca28f64245f9a937ad3c016891c1.jpeg 960w\" sizes=\"(max-width: 300px) 100vw, 300px\" \/>\t\t<h2 class=\"woocommerce-loop-category__title\">\n\t\t\tProyectores (Reflectores) para \u00c1reas de Prop\u00f3sito General Industrial <mark class=\"count\">(3)<\/mark>\t\t<\/h2>\n\t\t<\/a><\/li>\n<li class=\"product-category product\">\n\t<a aria-label=\"Visitar la categor\u00eda de producto iluminaci\u00f3n de Emergencia para \u00c1reas de Prop\u00f3sito General\" href=\"https:\/\/www.smbingenieria.com\/site\/index.php\/categoria-producto\/iluminacion-industrial\/8-iluminacion-de-emergencia-para-areas-de-proposito-general\/\"><img loading=\"lazy\" decoding=\"async\" src=\"https:\/\/www.smbingenieria.com\/site\/wp-content\/uploads\/2025\/03\/2978b7f3278e40fe8e0cad3c016c6082-300x225.jpeg\" alt=\"iluminaci\u00f3n de Emergencia para \u00c1reas de Prop\u00f3sito General\" width=\"300\" height=\"225\" srcset=\"https:\/\/www.smbingenieria.com\/site\/wp-content\/uploads\/2025\/03\/2978b7f3278e40fe8e0cad3c016c6082-300x225.jpeg 300w, https:\/\/www.smbingenieria.com\/site\/wp-content\/uploads\/2025\/03\/2978b7f3278e40fe8e0cad3c016c6082-768x576.jpeg 768w, https:\/\/www.smbingenieria.com\/site\/wp-content\/uploads\/2025\/03\/2978b7f3278e40fe8e0cad3c016c6082-267x200.jpeg 267w, https:\/\/www.smbingenieria.com\/site\/wp-content\/uploads\/2025\/03\/2978b7f3278e40fe8e0cad3c016c6082-600x450.jpeg 600w, https:\/\/www.smbingenieria.com\/site\/wp-content\/uploads\/2025\/03\/2978b7f3278e40fe8e0cad3c016c6082.jpeg 960w\" sizes=\"(max-width: 300px) 100vw, 300px\" \/>\t\t<h2 class=\"woocommerce-loop-category__title\">\n\t\t\tiluminaci\u00f3n de Emergencia para \u00c1reas de Prop\u00f3sito General <mark class=\"count\">(2)<\/mark>\t\t<\/h2>\n\t\t<\/a><\/li>\n<li class=\"product-category product last\">\n\t<a aria-label=\"Visitar la categor\u00eda de producto Luminarias Viales\" href=\"https:\/\/www.smbingenieria.com\/site\/index.php\/categoria-producto\/iluminacion-industrial\/9-luminarias-viales\/\"><img loading=\"lazy\" decoding=\"async\" src=\"https:\/\/www.smbingenieria.com\/site\/wp-content\/uploads\/2025\/03\/fc7b6f6369644ffdb689ae9e0158e451-300x225.webp\" alt=\"Luminarias Viales\" width=\"300\" height=\"225\" srcset=\"https:\/\/www.smbingenieria.com\/site\/wp-content\/uploads\/2025\/03\/fc7b6f6369644ffdb689ae9e0158e451-300x225.webp 300w, https:\/\/www.smbingenieria.com\/site\/wp-content\/uploads\/2025\/03\/fc7b6f6369644ffdb689ae9e0158e451-768x576.webp 768w, https:\/\/www.smbingenieria.com\/site\/wp-content\/uploads\/2025\/03\/fc7b6f6369644ffdb689ae9e0158e451-267x200.webp 267w, https:\/\/www.smbingenieria.com\/site\/wp-content\/uploads\/2025\/03\/fc7b6f6369644ffdb689ae9e0158e451-600x450.webp 600w, https:\/\/www.smbingenieria.com\/site\/wp-content\/uploads\/2025\/03\/fc7b6f6369644ffdb689ae9e0158e451.webp 960w\" sizes=\"(max-width: 300px) 100vw, 300px\" \/>\t\t<h2 class=\"woocommerce-loop-category__title\">\n\t\t\tLuminarias Viales <mark class=\"count\">(4)<\/mark>\t\t<\/h2>\n\t\t<\/a><\/li>\n<\/ul>\n<\/div>\t\t\t\t<\/div>\n\t\t\t\t<\/div>\n\t\t\t\t\t<\/div>\n\t\t\t\t<\/div>\n\t\t\t\t<\/div>\n\t\t","protected":false},"excerpt":{"rendered":"<p>Iluminaci\u00f3n Industrial<\/p>\n","protected":false},"author":1,"featured_media":0,"parent":0,"menu_order":0,"comment_status":"closed","ping_status":"closed","template":"","meta":{"footnotes":""},"class_list":["post-2619","page","type-page","status-publish","hentry"],"_links":{"self":[{"href":"https:\/\/www.smbingenieria.com\/site\/index.php\/wp-json\/wp\/v2\/pages\/2619","targetHints":{"allow":["GET"]}}],"collection":[{"href":"https:\/\/www.smbingenieria.com\/site\/index.php\/wp-json\/wp\/v2\/pages"}],"about":[{"href":"https:\/\/www.smbingenieria.com\/site\/index.php\/wp-json\/wp\/v2\/types\/page"}],"author":[{"embeddable":true,"href":"https:\/\/www.smbingenieria.com\/site\/index.php\/wp-json\/wp\/v2\/users\/1"}],"replies":[{"embeddable":true,"href":"https:\/\/www.smbingenieria.com\/site\/index.php\/wp-json\/wp\/v2\/comments?post=2619"}],"version-history":[{"count":25,"href":"https:\/\/www.smbingenieria.com\/site\/index.php\/wp-json\/wp\/v2\/pages\/2619\/revisions"}],"predecessor-version":[{"id":2774,"href":"https:\/\/www.smbingenieria.com\/site\/index.php\/wp-json\/wp\/v2\/pages\/2619\/revisions\/2774"}],"wp:attachment":[{"href":"https:\/\/www.smbingenieria.com\/site\/index.php\/wp-json\/wp\/v2\/media?parent=2619"}],"curies":[{"name":"wp","href":"https:\/\/api.w.org\/{rel}","templated":true}]}}