{"id":2010,"date":"2024-11-25T00:31:59","date_gmt":"2024-11-25T05:31:59","guid":{"rendered":"https:\/\/www.smbingenieria.com\/site\/?post_type=product&#038;p=2010"},"modified":"2024-11-25T00:38:58","modified_gmt":"2024-11-25T05:38:58","slug":"medidor-2570","status":"publish","type":"product","link":"https:\/\/www.smbingenieria.com\/site\/index.php\/producto\/medidor-2570\/","title":{"rendered":"Medidor 2570"},"content":{"rendered":"","protected":false},"excerpt":{"rendered":"<h2><strong>Medidor 2570<\/strong><\/h2>\n<p>Medidor mec\u00e1nico para tanques o tambi\u00e9n conocido como medidor autom\u00e1tico de tanque, es un instrumento que se compone de una cinta y un flotador para una medici\u00f3n continua en tanques y recipientes.<\/p>\n","protected":false},"featured_media":2017,"template":"","meta":[],"product_brand":[],"product_cat":[53],"product_tag":[],"class_list":{"0":"post-2010","1":"product","2":"type-product","3":"status-publish","4":"has-post-thumbnail","6":"product_cat-medidor-mecanico-para-tanque","8":"first","9":"instock","10":"shipping-taxable","11":"product-type-simple"},"_links":{"self":[{"href":"https:\/\/www.smbingenieria.com\/site\/index.php\/wp-json\/wp\/v2\/product\/2010","targetHints":{"allow":["GET"]}}],"collection":[{"href":"https:\/\/www.smbingenieria.com\/site\/index.php\/wp-json\/wp\/v2\/product"}],"about":[{"href":"https:\/\/www.smbingenieria.com\/site\/index.php\/wp-json\/wp\/v2\/types\/product"}],"version-history":[{"count":3,"href":"https:\/\/www.smbingenieria.com\/site\/index.php\/wp-json\/wp\/v2\/product\/2010\/revisions"}],"predecessor-version":[{"id":2015,"href":"https:\/\/www.smbingenieria.com\/site\/index.php\/wp-json\/wp\/v2\/product\/2010\/revisions\/2015"}],"wp:featuredmedia":[{"embeddable":true,"href":"https:\/\/www.smbingenieria.com\/site\/index.php\/wp-json\/wp\/v2\/media\/2017"}],"wp:attachment":[{"href":"https:\/\/www.smbingenieria.com\/site\/index.php\/wp-json\/wp\/v2\/media?parent=2010"}],"wp:term":[{"taxonomy":"product_brand","embeddable":true,"href":"https:\/\/www.smbingenieria.com\/site\/index.php\/wp-json\/wp\/v2\/product_brand?post=2010"},{"taxonomy":"product_cat","embeddable":true,"href":"https:\/\/www.smbingenieria.com\/site\/index.php\/wp-json\/wp\/v2\/product_cat?post=2010"},{"taxonomy":"product_tag","embeddable":true,"href":"https:\/\/www.smbingenieria.com\/site\/index.php\/wp-json\/wp\/v2\/product_tag?post=2010"}],"curies":[{"name":"wp","href":"https:\/\/api.w.org\/{rel}","templated":true}]}}