{"id":2028,"date":"2024-11-25T00:51:06","date_gmt":"2024-11-25T05:51:06","guid":{"rendered":"https:\/\/www.smbingenieria.com\/site\/?post_type=product&#038;p=2028"},"modified":"2024-11-25T00:54:53","modified_gmt":"2024-11-25T05:54:53","slug":"sitrans-serie-lr500","status":"publish","type":"product","link":"https:\/\/www.smbingenieria.com\/site\/index.php\/producto\/sitrans-serie-lr500\/","title":{"rendered":"Sitrans Serie LR500"},"content":{"rendered":"","protected":false},"excerpt":{"rendered":"<h2><strong>Sitrans Serie LR500<\/strong><\/h2>\n<p>Son transmisores de nivel tipo radar para monitorear y medir de manera constante productos l\u00edquidos y solidos en recipientes de almacenamiento y de proceso.<\/p>\n<p>SITRANS LR510 \u200b\u200b\u2013 antena de lente roscada para l\u00edquidos<br \/>\nSITRANS LR530: antena encapsulada con bridas<br \/>\nSITRANS LR550 \u2013 antena de bocina polim\u00e9rica para s\u00f3lidos y l\u00edquidos<br \/>\nSITRANS LR580: antena de lente con brida direccional integrada para s\u00f3lidos<\/p>\n","protected":false},"featured_media":2031,"template":"","meta":[],"product_brand":[],"product_cat":[55],"product_tag":[],"class_list":{"0":"post-2028","1":"product","2":"type-product","3":"status-publish","4":"has-post-thumbnail","6":"product_cat-radares","8":"first","9":"instock","10":"shipping-taxable","11":"product-type-simple"},"_links":{"self":[{"href":"https:\/\/www.smbingenieria.com\/site\/index.php\/wp-json\/wp\/v2\/product\/2028","targetHints":{"allow":["GET"]}}],"collection":[{"href":"https:\/\/www.smbingenieria.com\/site\/index.php\/wp-json\/wp\/v2\/product"}],"about":[{"href":"https:\/\/www.smbingenieria.com\/site\/index.php\/wp-json\/wp\/v2\/types\/product"}],"version-history":[{"count":3,"href":"https:\/\/www.smbingenieria.com\/site\/index.php\/wp-json\/wp\/v2\/product\/2028\/revisions"}],"predecessor-version":[{"id":2033,"href":"https:\/\/www.smbingenieria.com\/site\/index.php\/wp-json\/wp\/v2\/product\/2028\/revisions\/2033"}],"wp:featuredmedia":[{"embeddable":true,"href":"https:\/\/www.smbingenieria.com\/site\/index.php\/wp-json\/wp\/v2\/media\/2031"}],"wp:attachment":[{"href":"https:\/\/www.smbingenieria.com\/site\/index.php\/wp-json\/wp\/v2\/media?parent=2028"}],"wp:term":[{"taxonomy":"product_brand","embeddable":true,"href":"https:\/\/www.smbingenieria.com\/site\/index.php\/wp-json\/wp\/v2\/product_brand?post=2028"},{"taxonomy":"product_cat","embeddable":true,"href":"https:\/\/www.smbingenieria.com\/site\/index.php\/wp-json\/wp\/v2\/product_cat?post=2028"},{"taxonomy":"product_tag","embeddable":true,"href":"https:\/\/www.smbingenieria.com\/site\/index.php\/wp-json\/wp\/v2\/product_tag?post=2028"}],"curies":[{"name":"wp","href":"https:\/\/api.w.org\/{rel}","templated":true}]}}