{"id":2306,"date":"2024-12-31T22:01:33","date_gmt":"2025-01-01T03:01:33","guid":{"rendered":"https:\/\/www.smbingenieria.com\/site\/?post_type=product&#038;p=2306"},"modified":"2025-03-12T19:52:23","modified_gmt":"2025-03-13T00:52:23","slug":"cajas-de-sobreponer-y-tableros","status":"publish","type":"product","link":"https:\/\/www.smbingenieria.com\/site\/index.php\/producto\/cajas-de-sobreponer-y-tableros\/","title":{"rendered":"Cajas de Sobreponer y Tableros"},"content":{"rendered":"","protected":false},"excerpt":{"rendered":"<h2><strong>Cajas de Sobreponer y Tableros<\/strong><\/h2>\n<p>Utilizadas para realizar instalaci\u00f3n de equipos de distribuci\u00f3n y control, en ambientes severos con alta concentraci\u00f3n de material particulado y humedad. Permitiendo que si existe alg\u00fan riesgo de explosi\u00f3n dentro de la caja, esta sea capaz de soportar la presi\u00f3n interna de los gases calientes sin propagar una explosi\u00f3n fuera de ella.  Fabricados en aluminio con diferentes tama\u00f1os seg\u00fan la necesidad del proceso.<\/p>\n","protected":false},"featured_media":2308,"template":"","meta":[],"product_brand":[],"product_cat":[59],"product_tag":[],"class_list":{"0":"post-2306","1":"product","2":"type-product","3":"status-publish","4":"has-post-thumbnail","6":"product_cat-equipo-electrico-automatizacion-y-control","8":"first","9":"instock","10":"shipping-taxable","11":"product-type-simple"},"_links":{"self":[{"href":"https:\/\/www.smbingenieria.com\/site\/index.php\/wp-json\/wp\/v2\/product\/2306","targetHints":{"allow":["GET"]}}],"collection":[{"href":"https:\/\/www.smbingenieria.com\/site\/index.php\/wp-json\/wp\/v2\/product"}],"about":[{"href":"https:\/\/www.smbingenieria.com\/site\/index.php\/wp-json\/wp\/v2\/types\/product"}],"version-history":[{"count":3,"href":"https:\/\/www.smbingenieria.com\/site\/index.php\/wp-json\/wp\/v2\/product\/2306\/revisions"}],"predecessor-version":[{"id":2311,"href":"https:\/\/www.smbingenieria.com\/site\/index.php\/wp-json\/wp\/v2\/product\/2306\/revisions\/2311"}],"wp:featuredmedia":[{"embeddable":true,"href":"https:\/\/www.smbingenieria.com\/site\/index.php\/wp-json\/wp\/v2\/media\/2308"}],"wp:attachment":[{"href":"https:\/\/www.smbingenieria.com\/site\/index.php\/wp-json\/wp\/v2\/media?parent=2306"}],"wp:term":[{"taxonomy":"product_brand","embeddable":true,"href":"https:\/\/www.smbingenieria.com\/site\/index.php\/wp-json\/wp\/v2\/product_brand?post=2306"},{"taxonomy":"product_cat","embeddable":true,"href":"https:\/\/www.smbingenieria.com\/site\/index.php\/wp-json\/wp\/v2\/product_cat?post=2306"},{"taxonomy":"product_tag","embeddable":true,"href":"https:\/\/www.smbingenieria.com\/site\/index.php\/wp-json\/wp\/v2\/product_tag?post=2306"}],"curies":[{"name":"wp","href":"https:\/\/api.w.org\/{rel}","templated":true}]}}