{"id":2312,"date":"2024-12-31T21:31:49","date_gmt":"2025-01-01T02:31:49","guid":{"rendered":"https:\/\/www.smbingenieria.com\/site\/?post_type=product&#038;p=2312"},"modified":"2025-03-15T09:00:03","modified_gmt":"2025-03-15T14:00:03","slug":"estaciones-pulsadoras-e-interruptores","status":"publish","type":"product","link":"https:\/\/www.smbingenieria.com\/site\/index.php\/producto\/estaciones-pulsadoras-e-interruptores\/","title":{"rendered":"Estaciones Pulsadoras e Interruptores"},"content":{"rendered":"","protected":false},"excerpt":{"rendered":"<h2><strong>Estaciones Pulsadoras e Interruptores<\/strong><\/h2>\n<p>Utilizadas para actividades de mando local, cuando se quiere realizar un arranque, una parada, tener visualizaci\u00f3n en sitio mediante pilotos, realizar una parada de emergencia, etc. Fabricados en aluminio con diferentes tama\u00f1os y configuraciones seg\u00fan la necesidad del proceso.<\/p>\n","protected":false},"featured_media":3044,"template":"","meta":[],"product_brand":[],"product_cat":[59],"product_tag":[],"class_list":{"0":"post-2312","1":"product","2":"type-product","3":"status-publish","4":"has-post-thumbnail","6":"product_cat-equipo-electrico-automatizacion-y-control","8":"first","9":"instock","10":"shipping-taxable","11":"product-type-simple"},"_links":{"self":[{"href":"https:\/\/www.smbingenieria.com\/site\/index.php\/wp-json\/wp\/v2\/product\/2312","targetHints":{"allow":["GET"]}}],"collection":[{"href":"https:\/\/www.smbingenieria.com\/site\/index.php\/wp-json\/wp\/v2\/product"}],"about":[{"href":"https:\/\/www.smbingenieria.com\/site\/index.php\/wp-json\/wp\/v2\/types\/product"}],"version-history":[{"count":1,"href":"https:\/\/www.smbingenieria.com\/site\/index.php\/wp-json\/wp\/v2\/product\/2312\/revisions"}],"predecessor-version":[{"id":2315,"href":"https:\/\/www.smbingenieria.com\/site\/index.php\/wp-json\/wp\/v2\/product\/2312\/revisions\/2315"}],"wp:featuredmedia":[{"embeddable":true,"href":"https:\/\/www.smbingenieria.com\/site\/index.php\/wp-json\/wp\/v2\/media\/3044"}],"wp:attachment":[{"href":"https:\/\/www.smbingenieria.com\/site\/index.php\/wp-json\/wp\/v2\/media?parent=2312"}],"wp:term":[{"taxonomy":"product_brand","embeddable":true,"href":"https:\/\/www.smbingenieria.com\/site\/index.php\/wp-json\/wp\/v2\/product_brand?post=2312"},{"taxonomy":"product_cat","embeddable":true,"href":"https:\/\/www.smbingenieria.com\/site\/index.php\/wp-json\/wp\/v2\/product_cat?post=2312"},{"taxonomy":"product_tag","embeddable":true,"href":"https:\/\/www.smbingenieria.com\/site\/index.php\/wp-json\/wp\/v2\/product_tag?post=2312"}],"curies":[{"name":"wp","href":"https:\/\/api.w.org\/{rel}","templated":true}]}}