{"id":2316,"date":"2024-12-31T20:36:06","date_gmt":"2025-01-01T01:36:06","guid":{"rendered":"https:\/\/www.smbingenieria.com\/site\/?post_type=product&#038;p=2316"},"modified":"2025-03-12T19:54:15","modified_gmt":"2025-03-13T00:54:15","slug":"cajas-de-halado","status":"publish","type":"product","link":"https:\/\/www.smbingenieria.com\/site\/index.php\/producto\/cajas-de-halado\/","title":{"rendered":"Cajas de Halado"},"content":{"rendered":"","protected":false},"excerpt":{"rendered":"<h2><strong>Cajas de Halado<\/strong><\/h2>\n<p>Utilizadas para realizar halado de cable donde se tienen grandes extensiones de instalaci\u00f3n e inspecci\u00f3n del cable en varios puntos de la instalaci\u00f3n. Fabricados en aluminio con diferentes tama\u00f1os seg\u00fan la necesidad del proceso.<\/p>\n","protected":false},"featured_media":2670,"template":"","meta":[],"product_brand":[],"product_cat":[59],"product_tag":[],"class_list":{"0":"post-2316","1":"product","2":"type-product","3":"status-publish","4":"has-post-thumbnail","6":"product_cat-equipo-electrico-automatizacion-y-control","8":"first","9":"instock","10":"shipping-taxable","11":"product-type-simple"},"_links":{"self":[{"href":"https:\/\/www.smbingenieria.com\/site\/index.php\/wp-json\/wp\/v2\/product\/2316","targetHints":{"allow":["GET"]}}],"collection":[{"href":"https:\/\/www.smbingenieria.com\/site\/index.php\/wp-json\/wp\/v2\/product"}],"about":[{"href":"https:\/\/www.smbingenieria.com\/site\/index.php\/wp-json\/wp\/v2\/types\/product"}],"version-history":[{"count":1,"href":"https:\/\/www.smbingenieria.com\/site\/index.php\/wp-json\/wp\/v2\/product\/2316\/revisions"}],"predecessor-version":[{"id":2318,"href":"https:\/\/www.smbingenieria.com\/site\/index.php\/wp-json\/wp\/v2\/product\/2316\/revisions\/2318"}],"wp:featuredmedia":[{"embeddable":true,"href":"https:\/\/www.smbingenieria.com\/site\/index.php\/wp-json\/wp\/v2\/media\/2670"}],"wp:attachment":[{"href":"https:\/\/www.smbingenieria.com\/site\/index.php\/wp-json\/wp\/v2\/media?parent=2316"}],"wp:term":[{"taxonomy":"product_brand","embeddable":true,"href":"https:\/\/www.smbingenieria.com\/site\/index.php\/wp-json\/wp\/v2\/product_brand?post=2316"},{"taxonomy":"product_cat","embeddable":true,"href":"https:\/\/www.smbingenieria.com\/site\/index.php\/wp-json\/wp\/v2\/product_cat?post=2316"},{"taxonomy":"product_tag","embeddable":true,"href":"https:\/\/www.smbingenieria.com\/site\/index.php\/wp-json\/wp\/v2\/product_tag?post=2316"}],"curies":[{"name":"wp","href":"https:\/\/api.w.org\/{rel}","templated":true}]}}