{"id":2610,"date":"2025-02-24T23:07:05","date_gmt":"2025-02-25T04:07:05","guid":{"rendered":"https:\/\/www.smbingenieria.com\/site\/?post_type=product&#038;p=2610"},"modified":"2025-02-24T23:07:06","modified_gmt":"2025-02-25T04:07:06","slug":"techos-y-domos-geodesicos","status":"publish","type":"product","link":"https:\/\/www.smbingenieria.com\/site\/index.php\/producto\/techos-y-domos-geodesicos\/","title":{"rendered":"Techos y Domos Geod\u00e9sicos"},"content":{"rendered":"","protected":false},"excerpt":{"rendered":"<h2><strong>Techos y Domos Geod\u00e9sicos<\/strong><\/h2>\n<p>Son accesorios integrales fabricados en material de aluminio, sirven para tanques nuevos o reemplazar los techos de acero tradicionales en tanques de almacenamiento existentes. Ofrecemos una soluci\u00f3n completa de desde la ingenier\u00eda, suministro hasta la instalaci\u00f3n de los techos para agarantizar los beneficios reales de los equipos. La adquisici\u00f3n de estos techos nos permiten:<br \/>\n&#8211; Tiempo de construcci\u00f3n r\u00e1pido<br \/>\n&#8211; No requiere limpieza con chorro de arena ni pintura<br \/>\n&#8211; Eliminaci\u00f3n de la exposici\u00f3n al viento del techo flotante, lo que reduce las emisiones de COV<br \/>\n&#8211; Eliminaci\u00f3n de la exposici\u00f3n al sol del techo flotante, lo que reduce las emisiones de COV<br \/>\n&#8211; Eliminaci\u00f3n de la entrada de agua de lluvia<br \/>\n&#8211; Mejora de la seguridad del tanque, lo que elimina los incendios en el borde<\/p>\n","protected":false},"featured_media":2611,"template":"","meta":[],"product_brand":[],"product_cat":[86],"product_tag":[],"class_list":{"0":"post-2610","1":"product","2":"type-product","3":"status-publish","4":"has-post-thumbnail","6":"product_cat-techos-y-domos-geodesicos","8":"first","9":"instock","10":"shipping-taxable","11":"product-type-simple"},"_links":{"self":[{"href":"https:\/\/www.smbingenieria.com\/site\/index.php\/wp-json\/wp\/v2\/product\/2610","targetHints":{"allow":["GET"]}}],"collection":[{"href":"https:\/\/www.smbingenieria.com\/site\/index.php\/wp-json\/wp\/v2\/product"}],"about":[{"href":"https:\/\/www.smbingenieria.com\/site\/index.php\/wp-json\/wp\/v2\/types\/product"}],"version-history":[{"count":1,"href":"https:\/\/www.smbingenieria.com\/site\/index.php\/wp-json\/wp\/v2\/product\/2610\/revisions"}],"predecessor-version":[{"id":2613,"href":"https:\/\/www.smbingenieria.com\/site\/index.php\/wp-json\/wp\/v2\/product\/2610\/revisions\/2613"}],"wp:featuredmedia":[{"embeddable":true,"href":"https:\/\/www.smbingenieria.com\/site\/index.php\/wp-json\/wp\/v2\/media\/2611"}],"wp:attachment":[{"href":"https:\/\/www.smbingenieria.com\/site\/index.php\/wp-json\/wp\/v2\/media?parent=2610"}],"wp:term":[{"taxonomy":"product_brand","embeddable":true,"href":"https:\/\/www.smbingenieria.com\/site\/index.php\/wp-json\/wp\/v2\/product_brand?post=2610"},{"taxonomy":"product_cat","embeddable":true,"href":"https:\/\/www.smbingenieria.com\/site\/index.php\/wp-json\/wp\/v2\/product_cat?post=2610"},{"taxonomy":"product_tag","embeddable":true,"href":"https:\/\/www.smbingenieria.com\/site\/index.php\/wp-json\/wp\/v2\/product_tag?post=2610"}],"curies":[{"name":"wp","href":"https:\/\/api.w.org\/{rel}","templated":true}]}}